{"id":1008,"date":"2024-11-25T16:55:44","date_gmt":"2024-11-25T16:55:44","guid":{"rendered":"https:\/\/lr-consulting.ch\/?page_id=1008"},"modified":"2024-12-03T15:21:59","modified_gmt":"2024-12-03T15:21:59","slug":"mentions-legales","status":"publish","type":"page","link":"https:\/\/lr-consulting.ch\/?page_id=1008&lang=fr","title":{"rendered":"Mentions l\u00e9gales"},"content":{"rendered":"<div class=\"fusion-fullwidth fullwidth-box fusion-builder-row-1 fusion-flex-container has-pattern-background has-mask-background nonhundred-percent-fullwidth non-hundred-percent-height-scrolling\" style=\"--awb-border-radius-top-left:0px;--awb-border-radius-top-right:0px;--awb-border-radius-bottom-right:0px;--awb-border-radius-bottom-left:0px;--awb-flex-wrap:wrap;\" ><div class=\"fusion-builder-row fusion-row fusion-flex-align-items-flex-start fusion-flex-content-wrap\" style=\"max-width:1216.8px;margin-left: calc(-4% \/ 2 );margin-right: calc(-4% \/ 2 );\"><div class=\"fusion-layout-column fusion_builder_column fusion-builder-column-0 fusion_builder_column_1_1 1_1 fusion-flex-column\" style=\"--awb-bg-size:cover;--awb-width-large:100%;--awb-margin-top-large:0px;--awb-spacing-right-large:1.92%;--awb-margin-bottom-large:20px;--awb-spacing-left-large:1.92%;--awb-width-medium:100%;--awb-order-medium:0;--awb-spacing-right-medium:1.92%;--awb-spacing-left-medium:1.92%;--awb-width-small:100%;--awb-order-small:0;--awb-spacing-right-small:1.92%;--awb-spacing-left-small:1.92%;\"><div class=\"fusion-column-wrapper fusion-column-has-shadow fusion-flex-justify-content-flex-start fusion-content-layout-column\"><div class=\"fusion-text fusion-text-1\"><p><strong>LR Consulting GmbH<\/strong><\/p>\n<p><strong>Adresse<\/strong><br \/>\nGr\u00fcndenstrasse 80<br \/>\n8247 Flurlingen<\/p>\n<p><strong>Fond\u00e9<\/strong> &#8211; 07.2018<\/p>\n<p><strong>T\u00e9l\u00e9phone<\/strong> &#8211; +41 79 403 76 59<br \/>\n<strong>E-mail<\/strong> &#8211; <a href=\"mailto:info@lrconsulting.ch\">info@lrconsulting.ch<\/a><\/p>\n<p><strong>Responsable &amp; autorisation d&#8217;exploitation<\/strong> &#8211; Roberto Larosa<br \/>\n<strong>Directeur de succursale <\/strong>&#8211; Roberto Larosa<\/p>\n<p><strong>Avis de responsabilit\u00e9<\/strong><strong><br \/>\n<\/strong>Malgr\u00e9 un contr\u00f4le minutieux du contenu, nous n&#8217;assumons aucune responsabilit\u00e9 pour le contenu des liens externes.<br \/>\nLes exploitants des pages li\u00e9es sont seuls responsables de leur contenu.<\/p>\n<p><strong>Tribunal comp\u00e9tent<\/strong><br \/>\nZurich<\/p>\n<p><strong>N\u00b0 de TVA<\/strong><br \/>\nCHE-448.753.548 TVA<\/p>\n<\/div><\/div><\/div><\/div><\/div>\n","protected":false},"excerpt":{"rendered":"","protected":false},"author":1,"featured_media":0,"parent":0,"menu_order":0,"comment_status":"closed","ping_status":"closed","template":"","meta":{"footnotes":""},"class_list":["post-1008","page","type-page","status-publish","hentry"],"_links":{"self":[{"href":"https:\/\/lr-consulting.ch\/index.php?rest_route=\/wp\/v2\/pages\/1008","targetHints":{"allow":["GET"]}}],"collection":[{"href":"https:\/\/lr-consulting.ch\/index.php?rest_route=\/wp\/v2\/pages"}],"about":[{"href":"https:\/\/lr-consulting.ch\/index.php?rest_route=\/wp\/v2\/types\/page"}],"author":[{"embeddable":true,"href":"https:\/\/lr-consulting.ch\/index.php?rest_route=\/wp\/v2\/users\/1"}],"replies":[{"embeddable":true,"href":"https:\/\/lr-consulting.ch\/index.php?rest_route=%2Fwp%2Fv2%2Fcomments&post=1008"}],"version-history":[{"count":6,"href":"https:\/\/lr-consulting.ch\/index.php?rest_route=\/wp\/v2\/pages\/1008\/revisions"}],"predecessor-version":[{"id":1226,"href":"https:\/\/lr-consulting.ch\/index.php?rest_route=\/wp\/v2\/pages\/1008\/revisions\/1226"}],"wp:attachment":[{"href":"https:\/\/lr-consulting.ch\/index.php?rest_route=%2Fwp%2Fv2%2Fmedia&parent=1008"}],"curies":[{"name":"wp","href":"https:\/\/api.w.org\/{rel}","templated":true}]}}