{"id":1392,"date":"2025-04-09T17:16:52","date_gmt":"2025-04-09T17:16:52","guid":{"rendered":"https:\/\/lr-consulting.ch\/?page_id=1392"},"modified":"2025-05-20T18:52:04","modified_gmt":"2025-05-20T18:52:04","slug":"a-propos-de-nous","status":"publish","type":"page","link":"https:\/\/lr-consulting.ch\/?page_id=1392&lang=fr","title":{"rendered":"\u00c0 propos de nous"},"content":{"rendered":"<div class=\"fusion-fullwidth fullwidth-box fusion-builder-row-1 fusion-flex-container nonhundred-percent-fullwidth non-hundred-percent-height-scrolling\" style=\"--awb-border-radius-top-left:0px;--awb-border-radius-top-right:0px;--awb-border-radius-bottom-right:0px;--awb-border-radius-bottom-left:0px;--awb-padding-top:120px;--awb-padding-bottom:80px;--awb-background-color:hsla(var(--awb-color8-h),var(--awb-color8-s),calc( var(--awb-color8-l) + 77% ),var(--awb-color8-a));--awb-flex-wrap:wrap;\" ><div class=\"fusion-builder-row fusion-row fusion-flex-align-items-flex-start fusion-flex-content-wrap\" style=\"max-width:1216.8px;margin-left: calc(-4% \/ 2 );margin-right: calc(-4% \/ 2 );\"><div class=\"fusion-layout-column fusion_builder_column fusion-builder-column-0 fusion_builder_column_2_3 2_3 fusion-flex-column\" style=\"--awb-bg-blend:overlay;--awb-bg-size:cover;--awb-width-large:66.666666666667%;--awb-margin-top-large:2%;--awb-spacing-right-large:4.32%;--awb-margin-bottom-large:2%;--awb-spacing-left-large:2.88%;--awb-width-medium:100%;--awb-spacing-right-medium:1.92%;--awb-spacing-left-medium:1.92%;--awb-width-small:100%;--awb-spacing-right-small:1.92%;--awb-spacing-left-small:1.92%;\"><div class=\"fusion-column-wrapper fusion-flex-justify-content-flex-start fusion-content-layout-column\"><div class=\"fusion-title title fusion-title-1 fusion-title-text fusion-title-size-two\" style=\"--awb-margin-bottom:50px;\"><div class=\"title-sep-container title-sep-container-left fusion-no-large-visibility fusion-no-medium-visibility fusion-no-small-visibility\"><div class=\"title-sep sep- sep-solid\" style=\"border-color:var(--awb-color4);\"><\/div><\/div><span class=\"awb-title-spacer fusion-no-large-visibility fusion-no-medium-visibility fusion-no-small-visibility\"><\/span><h2 class=\"fusion-title-heading title-heading-left fusion-responsive-typography-calculated\" style=\"margin:0;--fontSize:60;line-height:1.3;\"><p>\u00c0 propos de nous<\/p>\n<div id=\"gtx-trans\" style=\"position: absolute; left: 485px; top: 37.6667px;\">\n<div class=\"gtx-trans-icon\"><\/div>\n<\/div><\/h2><span class=\"awb-title-spacer\"><\/span><div class=\"title-sep-container title-sep-container-right\"><div class=\"title-sep sep- sep-solid\" style=\"border-color:var(--awb-color4);\"><\/div><\/div><\/div><div class=\"fusion-separator\" style=\"align-self: flex-start;margin-right:auto;margin-top:-20px;margin-bottom:45px;width:100%;max-width:100px;\"><div class=\"fusion-separator-border sep-single sep-solid\" style=\"--awb-height:20px;--awb-amount:20px;--awb-sep-color:var(--awb-color5);border-color:var(--awb-color5);border-top-width:2px;\"><\/div><\/div><div class=\"fusion-text fusion-text-1\" style=\"--awb-font-size:var(--awb-typography2-font-size);--awb-line-height:1.65em;\"><p class=\"\" data-start=\"165\" data-end=\"553\">Une technique qui enthousiasme &#8211; et qui s&#8217;adapte \u00e0 votre projet.<br data-start=\"218\" data-end=\"221\">Je suis <strong data-start=\"229\" data-end=\"247\">Roberto Larosa<\/strong>, fondateur de <strong data-start=\"261\" data-end=\"278\">LR CONSULTING<\/strong>, et je suis passionn\u00e9 par le monde des syst\u00e8mes audio, vid\u00e9o et de divertissement depuis plus de deux d\u00e9cennies. Je conseille les ma\u00eetres d&#8217;ouvrage, les architectes et les d\u00e9veloppeurs de projets dans la planification et la mise en \u0153uvre de solutions sur mesure &#8211; de mani\u00e8re ind\u00e9pendante, pratique et orient\u00e9e vers l&#8217;avenir. <\/p>\n<p class=\"\" data-start=\"555\" data-end=\"852\"><strong data-start=\"555\" data-end=\"570\">Ce que nous faisons<\/strong><br data-start=\"570\" data-end=\"573\">Qu&#8217;il s&#8217;agisse de salles de conf\u00e9rence modernes, de home cin\u00e9mas impressionnants ou de b\u00e2timents intelligents, nous veillons \u00e0 ce que la technologie ne soit pas seulement fonctionnelle, mais fasse partie int\u00e9grante du concept global. De l&#8217;id\u00e9e initiale \u00e0 la mise en service finale, je vous accompagne personnellement \u00e0 travers toutes les phases du projet. <\/p>\n<p class=\"\" data-start=\"854\" data-end=\"879\"><strong data-start=\"854\" data-end=\"877\">Nos points forts<\/strong><\/p>\n<ul data-start=\"880\" data-end=\"1161\">\n<li class=\"\" data-start=\"880\" data-end=\"971\">\n<p class=\"\" data-start=\"882\" data-end=\"971\"><strong data-start=\"882\" data-end=\"899\">Solutions audio<\/strong>: Un son clair pour les maisons intelligentes, les salles de spectacle, les h\u00f4tels ou les bureaux<\/p>\n<\/li>\n<li class=\"\" data-start=\"972\" data-end=\"1061\">\n<p class=\"\" data-start=\"974\" data-end=\"1061\"><strong data-start=\"974\" data-end=\"991\">Les solutions vid\u00e9o<\/strong>: Syst\u00e8mes intelligents pour la pr\u00e9sentation, la conf\u00e9rence, la signalisation et plus encore<\/p>\n<\/li>\n<li class=\"\" data-start=\"1062\" data-end=\"1161\">\n<p class=\"\" data-start=\"1064\" data-end=\"1161\"><strong data-start=\"1064\" data-end=\"1088\">Syst\u00e8mes de divertissement<\/strong>: Planification individuelle, int\u00e9gration parfaite &#8211; pour les b\u00e2timents priv\u00e9s et commerciaux<\/p>\n<\/li>\n<\/ul>\n<p class=\"\" data-start=\"1163\" data-end=\"1556\"><strong data-start=\"1163\" data-end=\"1190\">Ce qui nous rend sp\u00e9ciaux<\/strong><br data-start=\"1190\" data-end=\"1193\">Nous sommes totalement ind\u00e9pendants &#8211; ce qui signifie qu&#8217;il n&#8217;y a pas de lien avec un fabricant, pas de package pr\u00e9\u00e9tabli. Au lieu de cela, vous recevez des conseils honn\u00eates et multi-technologiques. Notre objectif est de d\u00e9velopper des solutions qui ne sont pas seulement convaincantes sur le plan technique, mais qui fonctionnent \u00e9galement \u00e0 long terme &#8211; bien pens\u00e9es, de haute qualit\u00e9 et parfaitement adapt\u00e9es \u00e0 vos exigences.  <\/p>\n<p class=\"\" data-start=\"1558\" data-end=\"1693\"><strong data-start=\"1558\" data-end=\"1581\">Pour qui nous sommes l\u00e0<\/strong><br data-start=\"1581\" data-end=\"1584\">Nous travaillons avec des personnes qui appr\u00e9cient la qualit\u00e9 et la fiabilit\u00e9 &#8211; que ce soit dans le cadre d&#8217;une nouvelle construction ou d&#8217;une r\u00e9novation :<\/p>\n<ul data-start=\"1694\" data-end=\"1890\">\n<li class=\"\" data-start=\"1694\" data-end=\"1753\">\n<p class=\"\" data-start=\"1696\" data-end=\"1753\"><strong>Les ma\u00eetres d&#8217;ouvrage<\/strong> qui souhaitent allier fonctionnalit\u00e9 et innovation<\/p>\n<\/li>\n<li class=\"\" data-start=\"1754\" data-end=\"1815\">\n<p class=\"\" data-start=\"1756\" data-end=\"1815\"><strong data-start=\"1756\" data-end=\"1771\">Les architectes<\/strong> qui souhaitent allier design et fonctionnalit\u00e9<\/p>\n<\/li>\n<li class=\"\" data-start=\"1816\" data-end=\"1890\">\n<p class=\"\" data-start=\"1818\" data-end=\"1890\"><strong data-start=\"1818\" data-end=\"1839\">D\u00e9veloppeurs de projets<\/strong> souhaitant p\u00e9renniser les b\u00e2timents modernes<\/p>\n<\/li>\n<\/ul>\n<p class=\"\" data-start=\"1892\" data-end=\"2126\"><strong data-start=\"1892\" data-end=\"1913\">Notre promesse<\/strong><br data-start=\"1913\" data-end=\"1916\">Avec LR CONSULTING, vous avez \u00e0 vos c\u00f4t\u00e9s un partenaire exp\u00e9riment\u00e9 qui comprend votre projet &#8211; techniquement et humainement. Nous \u00e9coutons, r\u00e9fl\u00e9chissons et fournissons des solutions qui s&#8217;int\u00e8grent parfaitement \u00e0 votre vision. <\/p>\n<\/div><\/div><\/div><div class=\"fusion-layout-column fusion_builder_column fusion-builder-column-1 fusion_builder_column_1_3 1_3 fusion-flex-column fusion-flex-align-self-flex-start fusion-column-no-min-height\" style=\"--awb-bg-blend:overlay;--awb-bg-size:cover;--awb-width-large:33.333333333333%;--awb-margin-top-large:2%;--awb-spacing-right-large:5.76%;--awb-margin-bottom-large:2%;--awb-spacing-left-large:8.64%;--awb-width-medium:100%;--awb-spacing-right-medium:1.92%;--awb-spacing-left-medium:1.92%;--awb-width-small:100%;--awb-spacing-right-small:1.92%;--awb-spacing-left-small:1.92%;\"><div class=\"fusion-column-wrapper fusion-flex-justify-content-flex-start fusion-content-layout-column\"><div class=\"fusion-title title fusion-title-2 fusion-title-text fusion-title-size-two\" style=\"--awb-margin-bottom:50px;\"><div class=\"title-sep-container title-sep-container-left fusion-no-large-visibility fusion-no-medium-visibility fusion-no-small-visibility\"><div class=\"title-sep sep- sep-solid\" style=\"border-color:var(--awb-color4);\"><\/div><\/div><span class=\"awb-title-spacer fusion-no-large-visibility fusion-no-medium-visibility fusion-no-small-visibility\"><\/span><h2 class=\"fusion-title-heading title-heading-left fusion-responsive-typography-calculated\" style=\"margin:0;--fontSize:60;line-height:1.3;\"><p>Roberto Larosa<\/p>\n<div id=\"gtx-trans\" style=\"position: absolute; left: 5px; top: 37.6667px;\">\n<div class=\"gtx-trans-icon\"><\/div>\n<\/div><\/h2><span class=\"awb-title-spacer\"><\/span><div class=\"title-sep-container title-sep-container-right\"><div class=\"title-sep sep- sep-solid\" style=\"border-color:var(--awb-color4);\"><\/div><\/div><\/div><div class=\"fusion-separator\" style=\"align-self: flex-start;margin-right:auto;margin-top:-20px;margin-bottom:45px;width:100%;max-width:100px;\"><div class=\"fusion-separator-border sep-single sep-solid\" style=\"--awb-height:20px;--awb-amount:20px;--awb-sep-color:var(--awb-color5);border-color:var(--awb-color5);border-top-width:2px;\"><\/div><\/div><div class=\"fusion-image-element \" style=\"--awb-caption-title-font-family:var(--h2_typography-font-family);--awb-caption-title-font-weight:var(--h2_typography-font-weight);--awb-caption-title-font-style:var(--h2_typography-font-style);--awb-caption-title-size:var(--h2_typography-font-size);--awb-caption-title-transform:var(--h2_typography-text-transform);--awb-caption-title-line-height:var(--h2_typography-line-height);--awb-caption-title-letter-spacing:var(--h2_typography-letter-spacing);\"><span class=\" fusion-imageframe imageframe-none imageframe-1 hover-type-none\"><img decoding=\"async\" width=\"1282\" height=\"1922\" title=\"Roberto\" src=\"https:\/\/lr-consulting.ch\/wp-content\/uploads\/2025\/05\/Roberto-0001-1.jpg\" data-orig-src=\"https:\/\/lr-consulting.ch\/wp-content\/uploads\/2025\/05\/Roberto-0001-1.jpg\" alt class=\"lazyload img-responsive wp-image-1399\" srcset=\"data:image\/svg+xml,%3Csvg%20xmlns%3D%27http%3A%2F%2Fwww.w3.org%2F2000%2Fsvg%27%20width%3D%271282%27%20height%3D%271922%27%20viewBox%3D%270%200%201282%201922%27%3E%3Crect%20width%3D%271282%27%20height%3D%271922%27%20fill-opacity%3D%220%22%2F%3E%3C%2Fsvg%3E\" data-srcset=\"https:\/\/lr-consulting.ch\/wp-content\/uploads\/2025\/05\/Roberto-0001-1-200x300.jpg 200w, https:\/\/lr-consulting.ch\/wp-content\/uploads\/2025\/05\/Roberto-0001-1-400x600.jpg 400w, https:\/\/lr-consulting.ch\/wp-content\/uploads\/2025\/05\/Roberto-0001-1-600x900.jpg 600w, https:\/\/lr-consulting.ch\/wp-content\/uploads\/2025\/05\/Roberto-0001-1-800x1199.jpg 800w, https:\/\/lr-consulting.ch\/wp-content\/uploads\/2025\/05\/Roberto-0001-1-1200x1799.jpg 1200w, https:\/\/lr-consulting.ch\/wp-content\/uploads\/2025\/05\/Roberto-0001-1.jpg 1282w\" data-sizes=\"auto\" data-orig-sizes=\"(max-width: 1024px) 100vw, (max-width: 640px) 100vw, 400px\" \/><\/span><\/div><\/div><\/div><\/div><\/div>\n","protected":false},"excerpt":{"rendered":"","protected":false},"author":1,"featured_media":0,"parent":0,"menu_order":0,"comment_status":"closed","ping_status":"closed","template":"100-width.php","meta":{"footnotes":""},"class_list":["post-1392","page","type-page","status-publish","hentry"],"_links":{"self":[{"href":"https:\/\/lr-consulting.ch\/index.php?rest_route=\/wp\/v2\/pages\/1392","targetHints":{"allow":["GET"]}}],"collection":[{"href":"https:\/\/lr-consulting.ch\/index.php?rest_route=\/wp\/v2\/pages"}],"about":[{"href":"https:\/\/lr-consulting.ch\/index.php?rest_route=\/wp\/v2\/types\/page"}],"author":[{"embeddable":true,"href":"https:\/\/lr-consulting.ch\/index.php?rest_route=\/wp\/v2\/users\/1"}],"replies":[{"embeddable":true,"href":"https:\/\/lr-consulting.ch\/index.php?rest_route=%2Fwp%2Fv2%2Fcomments&post=1392"}],"version-history":[{"count":4,"href":"https:\/\/lr-consulting.ch\/index.php?rest_route=\/wp\/v2\/pages\/1392\/revisions"}],"predecessor-version":[{"id":1407,"href":"https:\/\/lr-consulting.ch\/index.php?rest_route=\/wp\/v2\/pages\/1392\/revisions\/1407"}],"wp:attachment":[{"href":"https:\/\/lr-consulting.ch\/index.php?rest_route=%2Fwp%2Fv2%2Fmedia&parent=1392"}],"curies":[{"name":"wp","href":"https:\/\/api.w.org\/{rel}","templated":true}]}}