{"id":770,"date":"2024-11-25T16:46:13","date_gmt":"2024-11-25T16:46:13","guid":{"rendered":"https:\/\/lr-consulting.ch\/?page_id=770"},"modified":"2024-11-25T16:46:13","modified_gmt":"2024-11-25T16:46:13","slug":"datenschutz","status":"publish","type":"page","link":"https:\/\/lr-consulting.ch\/?page_id=770","title":{"rendered":"Datenschutz"},"content":{"rendered":"<div class=\"fusion-fullwidth fullwidth-box fusion-builder-row-1 fusion-flex-container has-pattern-background has-mask-background nonhundred-percent-fullwidth non-hundred-percent-height-scrolling\" style=\"--awb-border-radius-top-left:0px;--awb-border-radius-top-right:0px;--awb-border-radius-bottom-right:0px;--awb-border-radius-bottom-left:0px;--awb-flex-wrap:wrap;\" ><div class=\"fusion-builder-row fusion-row fusion-flex-align-items-flex-start fusion-flex-content-wrap\" style=\"max-width:1216.8px;margin-left: calc(-4% \/ 2 );margin-right: calc(-4% \/ 2 );\"><div class=\"fusion-layout-column fusion_builder_column fusion-builder-column-0 fusion_builder_column_1_1 1_1 fusion-flex-column\" style=\"--awb-bg-size:cover;--awb-width-large:100%;--awb-margin-top-large:0px;--awb-spacing-right-large:1.92%;--awb-margin-bottom-large:20px;--awb-spacing-left-large:1.92%;--awb-width-medium:100%;--awb-order-medium:0;--awb-spacing-right-medium:1.92%;--awb-spacing-left-medium:1.92%;--awb-width-small:100%;--awb-order-small:0;--awb-spacing-right-small:1.92%;--awb-spacing-left-small:1.92%;\"><div class=\"fusion-column-wrapper fusion-column-has-shadow fusion-flex-justify-content-flex-start fusion-content-layout-column\"><div class=\"fusion-text fusion-text-1\"><p><strong>Datenschutzerkl\u00e4rung der LR Consulting GmbH<\/strong><\/p>\n<p>Version vom 25.11.2024<\/p>\n<ol>\n<li><strong>Anwendbarkeit der schweizerischen Datenschutzgesetze und der Datenschutzgrundverordnung \u00abDSGVO\u00bb<\/strong><\/li>\n<\/ol>\n<p>Diese Datenschutzerkl\u00e4rung ist auf die Anforderungen der EU-Datenschutz-Grundverordnung 2016\/679 (\u00ab<strong>DSGVO<\/strong>\u00bb), das Schweizer Datenschutzgesetz (\u00ab<strong>DSG<\/strong>\u00bb) und das revidierte Schweizer Datenschutzgesetz (\u00ab<strong>revDSG<\/strong>\u00bb) ausgelegt.<\/p>\n<p>Ob und inwieweit diese Gesetze anwendbar sind, h\u00e4ngt jedoch vom Einzelfall ab.<\/p>\n<ol>\n<li><strong>Empf\u00e4nger der Personendaten<\/strong><\/li>\n<\/ol>\n<p>Wir geben im Rahmen unserer gesch\u00e4ftlichen Aktivit\u00e4ten und der Zwecke gem\u00e4ss Ziffer 5, soweit erlaubt und es uns als angezeigt erscheint, auch Dritten bekannt, sei es, weil sie diese f\u00fcr uns bearbeiten, sei es, weil sie sie f\u00fcr ihre eigenen Zwecke verwenden wollen. Dabei geht es insbesondere um folgende Stellen:<\/p>\n<ul>\n<li>Gruppenunternehmen,<\/li>\n<li>Dienstleistungsunternehmen, z.B. Banken und Verm\u00f6gensverwaltungsgesellschaften,<\/li>\n<li>Beh\u00f6rden, staatliche Einrichtungen, wie z.B. Sozialversicherungsanstalten, Arbeitslosen\u00e4mter, Arbeitslosen- und Ausgleichskassen, SUVA und Gerichte;<\/li>\n<li>mandatierte Lohnverarbeitungsgesellschaften, Pensionskassen und Versicherungen (Krankentaggeld-, Unfallversicherung);<\/li>\n<li>professionelle Berater, z.B. Steuerberater, Anw\u00e4lte, Revisoren, an Bevollm\u00e4chtigter und Vertreter;<\/li>\n<li>Dienstleister, Lieferanten und Hilfspersonen einschliesslich Auftragsbearbeiter, mit welchem wir einen Vertrag zur Auftragsbearbeitung vereinbart haben (z.B. Hosting-Provider, IT-Dienstleister, Cloud-Services usw.).<\/li>\n<\/ul>\n<p>Ferner behalten wir uns auch das Recht vor, Daten zu \u00fcbertragen, wenn wir unsere gesamten oder einen Teil unserer Gesch\u00e4fte oder Verm\u00f6genswerte verkaufen oder \u00fcbertragen (auch im Falle einer Umstrukturierung, Aufl\u00f6sung oder Liquidation).<\/p>\n<ol>\n<li><strong>Cookies \/ Tracking und andere Technologien im Zusammenhang mit der Nutzung unserer Webseite<\/strong><\/li>\n<\/ol>\n<p><strong>7.1 Cookies und Z\u00e4hlpixel<\/strong><\/p>\n<p>Wir setzen auf unseren Webseiten typischerweise \u201eCookies\u201c und vergleichbare Techniken ein, mit denen Ihr Browser oder Ihr Ger\u00e4t identifiziert werden kann.<\/p>\n<p>Ein Cookie ist eine kleine Datei, die an Ihren Computer gesendet bzw. vom verwendeten Webbrowser automatisch auf Ihrem Computer oder mobilen Ger\u00e4t gespeichert wird, wenn Sie unsere Webseiten besuchen. Wenn Sie diese Webseite erneut aufrufen, k\u00f6nnen wir Sie so wiedererkennen, selbst wenn wir nicht wissen, wer Sie sind.<\/p>\n<p>Neben Cookies, die lediglich w\u00e4hrend einer Sitzung benutzt und nach Ihrem Webseiten-Besuch gel\u00f6scht werden (\u00abSession Cookies\u00bb), k\u00f6nnen Cookies auch benutzt werden, um Nutzereinstellungen und andere Informationen \u00fcber eine bestimmte Zeit (z.B. zwei Jahre) zu speichern (\u00abpermanente Cookies\u00bb).<\/p>\n<p>Z\u00e4hlpixel (auch Web Beacons genannt) sind unsichtbare Grafiken, die in eine Webseite integriert werden, um Informationen wie beispielsweise die Klicks auf diese Webseite oder den Verkehr auf dieser Webseite zu analysieren.<\/p>\n<p>Sie k\u00f6nnen Ihren Browser so einstellen, dass er Cookies zur\u00fcckweist, nur f\u00fcr eine Sitzung speichert oder sonst vorzeitig l\u00f6scht. Die meisten Browser sind so voreingestellt, dass Sie Cookies akzeptieren.<\/p>\n<p>Wir nutzen permanente Cookies damit wir das Angebot der LR Consulting GmbH benutzerfreundlicher, effektiver und sicherer gestalten k\u00f6nnen. Cookies werden auch zu Werbezwecken mit Remarketing eingesetzt.<\/p>\n<p>Wenn Sie Cookies sperren, kann es sein, dass gewisse Funktionalit\u00e4ten nicht mehr funktionieren.<\/p>\n<p>Um mehr dar\u00fcber zu erfahren, wie Sie Cookie-Einstellungen \u00fcber Ihren Browser steuern k\u00f6nnen, informieren Sie sich zum Thema \u00abPrivates Surfen\u00bb, \u00abInkognito\u00bb oder \u00abInPrivate\u00bb unter den Einstellungen des verwendeten Browsers bei Firefox, Chrome, Microsoft Edge oder Safari.<\/p>\n<p>Mit der Nutzung unserer Webseite und der Einwilligung in den Erhalt von Newslettern und anderen Marketing-E-Mails stimmen Sie dem Einsatz dieser Techniken zu. Wollen Sie dies nicht, dann m\u00fcssen Sie Ihren Browser bzw. Ihr E-Mail-Programm entsprechend einstellen.<\/p>\n<p><strong>7.2 Google Analytics<\/strong><\/p>\n<p>Diese Website verwendet Google Analytics, einen Webanalysedienst von Google (Google Inc., 1600 Amphitheatre Parkway, Mountain View, CA 94043, USA), der mit Cookies arbeitet. Cookies sind Textdateien, die auf dem Computer der Besucher gespeichert werden und die eine Analyse der Benutzung der Webseite erm\u00f6glichen. Die durch das Cookie erzeugten Informationen \u00fcber die Benutzung dieser Webseite werden in der Regel an einen Server von Google in den USA \u00fcbertragen und dort gespeichert. Diese Informationen wird Google m\u00f6glicherweise an Dritte weitergeben, wenn sie per Gesetz dazu verpflichtet sind oder falls Dritte von Google beauftragt werden, diese Datenbearbeitung vorzunehmen. Google f\u00fchrt dabei IP-Adressen aber nicht mit anderen von Ihnen gespeicherten Daten zusammen.<\/p>\n<p>Auf der Webseite der LR Consulting GmbH ist die IP-Anonymisierung aktiviert, womit die IP-Adresse der Besucher von Google vor der \u00dcbertragung in die USA gek\u00fcrzt wird. Nur in Ausnahmef\u00e4llen wird die volle IP-Adresse an einen Server von Google in den USA \u00fcbertragen und erst dort gek\u00fcrzt. Im Auftrag der LR Consulting GmbH wird Google diese Informationen verwenden, um die Nutzung der Webseite auszuwerten, um Reports \u00fcber die Webseiten-Aktivit\u00e4ten zusammenzustellen und um weitere mit der Nutzung der Webseite und des Internets verbundene Dienstleistungen gegen\u00fcber der LR Consulting GmbH zu erbringen.<\/p>\n<p>Die im Rahmen von Google Analytics vom Browser der Besucher \u00fcbermittelte IP-Adresse wird nicht mit anderen Daten von Google zusammengef\u00fchrt. Die Besucher k\u00f6nnen die Speicherung der Cookies durch eine entsprechende Einstellung ihrer Browser-Software verhindern; dies kann unter Umst\u00e4nden zu Beeintr\u00e4chtigungen der Funktionalit\u00e4t der Webseite f\u00fchren. Das L\u00f6schen dauerhafter Cookies nach einem Besuch der Webseite hat keine Beeintr\u00e4chtigung zur Folge.<\/p>\n<p>Besucher k\u00f6nnen die Erfassung der durch das Cookie erzeugten und auf ihre Nutzung der Webseite bezogenen Daten (inkl. ihrer IP-Adresse) an Google sowie die Verarbeitung dieser Daten durch Google verhindern, indem sie das unter dem folgenden Link verf\u00fcgbare Browser-Plugin herunterladen und installieren:\u00a0<a href=\"http:\/\/tools.google.com\/dlpage\/gaoptout?hl=de\">http:\/\/tools.google.com\/dlpage\/gaoptout?hl=de<\/a>.<\/p>\n<p>Weitere Informationen zu den Datenschutzbestimmungen von Google finden Sie unter<\/p>\n<p><a href=\"https:\/\/www.google.com\/policies\/privacy\/\">https:\/\/www.google.com\/policies\/privacy\/<\/a><\/p>\n<ol>\n<li><strong>Informationen zum Kontaktformular<\/strong><\/li>\n<\/ol>\n<p>Wenn Sie uns per Kontaktformular Anfragen zukommen lassen, werden Ihre Angaben aus dem Anfrageformular inklusive der von Ihnen dort angegebenen Kontaktdaten zwecks Bearbeitung der Anfrage und f\u00fcr den Fall von Anschlussfragen bei uns gespeichert. Sie werden weder anderweitig ausgewertet noch mit anderen Daten verkn\u00fcpft.<\/p>\n<ol>\n<li><strong>Weitere Dienste von Dritten<\/strong><\/li>\n<\/ol>\n<p>Die Webseite der LR Consulting GmbH basiert auf WordPress. Die Daten sind auf einem Server in der Schweiz gespeichert und werden nicht ins Ausland \u00fcbermittelt.<\/p>\n<ol>\n<li><strong>Rechte der betroffenen Person<\/strong><\/li>\n<\/ol>\n<p>Sie haben im Rahmen des auf Sie anwendbaren Datenschutzrechts und soweit darin vorgesehen (wie etwa im Falle der DSGVO) das\u00a0<u>Recht auf Auskunft<\/u>,\u00a0<u>Berichtigung<\/u>,\u00a0<u>L\u00f6schung<\/u>\u00a0und das\u00a0<u>Recht auf Einschr\u00e4nkung der Datenbearbeitung<\/u>. Im Weiteren haben Sie das\u00a0<u>Recht gegen unsere Datenbearbeitungen, insbesondere jener f\u00fcr Zwecke des Direktmarketings, des f\u00fcr Direktwerbung betriebenen Profilings und weiterer berechtigter Interessen an der Bearbeitung zu widersprechen<\/u>. Sie haben auch das\u00a0<u>Recht auf Herausgabe<\/u>\u00a0gewisser Personendaten zwecks \u00dcbertragung an eine andere Stelle (sog. Datenportabilit\u00e4t).<\/p>\n<p>Bitte beachten Sie aber, dass wir uns vorbehalten, unsererseits die gesetzlich vorgesehenen Einschr\u00e4nkungen geltend zu machen, etwa wenn wir zur Aufbewahrung oder Bearbeitung gewisser Daten verpflichtet sind, daran ein \u00fcberwiegendes Interesse haben (soweit wir uns darauf berufen d\u00fcrfen) oder sie f\u00fcr die Geltendmachung von Anspr\u00fcchen ben\u00f6tigen. Falls f\u00fcr Sie Kosten anfallen, werden wir Sie vorab informieren.<\/p>\n<p>Die Aus\u00fcbung solcher Rechte setzt in der Regel voraus, dass Sie Ihre Identit\u00e4t eindeutig nachweisen (z.B. durch eine Ausweiskopie, wo Ihre Identit\u00e4t sonst nicht klar ist bzw. verifiziert werden kann). Zur Geltendmachung Ihrer Rechte k\u00f6nnen Sie uns unter der in Ziffer 2 angegebenen Adresse kontaktieren.<\/p>\n<p>Jede betroffene Person hat \u00fcberdies das Recht, ihre Anspr\u00fcche gerichtlich durchzusetzen oder bei der zust\u00e4ndigen Datenschutzbeh\u00f6rde eine Beschwerde einzureichen. Die zust\u00e4ndige Datenschutzbeh\u00f6rde der Schweiz ist der Eidgen\u00f6ssische Datenschutz- und \u00d6ffentlichkeitsbeauftragte (<a href=\"https:\/\/www.edoeb.admin.ch\/edoeb\/de\/home.html\">https:\/\/www.edoeb.admin.ch\/edoeb\/de\/home.html<\/a>).<\/p>\n<ol>\n<li><strong>Speicherdauer und L\u00f6schung von Personendaten<\/strong><\/li>\n<\/ol>\n<p>Die LR Consulting GmbH bearbeitet Personendaten nur so lange, als sie zu dem Zweck der Bearbeitung, f\u00fcr welchen sie beschafft wurde, noch erforderlich sind. Personendaten werden demnach vernichtet oder anonymisiert, sobald das nicht der Fall ist oder keine gesetzliche, vertragliche oder aus einem berechtigten Interesse sich ergebende Aufbewahrungsfrist einer Vernichtung oder Anonymisierung der Daten entgegenstehen.<\/p>\n<p>Arbeitsvertragliche Daten, welche Eingang in die Erstellung eines Arbeitszeugnisses haben, werden w\u00e4hrend zehn Jahren ab Zeitpunkt des Austritts des\/r Arbeitnehmenden aus der Unternehmung aufbewahrt (Art. 127 OR).<\/p>\n<p>Weitere Aufbewahrungsfrist k\u00f6nnen sich aus dem berechtigten Interesse des Arbeitgebers, resp. Verleihers\/Vermittlers ergeben, wie z.B. wenn Dokumente bei einer Lohnbuchkontrolle der Pr\u00fcfbeh\u00f6rde ausgeh\u00e4ndigt werden m\u00fcssen, um den Einhalt der Vorgaben des anwendbaren Gesamtarbeitsvertrags aufzuzeigen.<\/p>\n<p>Dar\u00fcber hinaus k\u00f6nnen Personendaten bis zur Beendigung von allf\u00e4lligen Rechtsstreitigkeiten, bei welchen die Daten als Beweis ben\u00f6tigt werden, aufbewahrt werden.<\/p>\n<ol>\n<li><strong>Datensicherheit<\/strong><\/li>\n<\/ol>\n<p>LR Consulting GmbH wendet geeignete technische und organisatorische Sicherheitsmassnahmen, wie etwa der Erlass von Weisungen, Schulungen, IT- und Netzwerkssicherheitsl\u00f6sungen, Zugangskontrollen und -beschr\u00e4nkungen, Verschl\u00fcsselungen von Datentr\u00e4gern und \u00dcbermittlungen und Kontrollen an, um Ihre Daten vor unberechtigten Zugriff, gegen zuf\u00e4llige oder vors\u00e4tzliche Manipulationen, teilweisen oder vollst\u00e4ndigen Verlust, Zerst\u00f6rung oder unbefugten Zugriff Dritter zu sch\u00fctzen. Unsere Sicherheitsmassnahmen werden der technologischen Entwicklung fortlaufend verbessert. Ferner ber\u00fccksichtigen wir den Schutz der Personendaten bereits bei der Entwicklung bzw. Auswahl von Hardware, Software sowie Verfahren entsprechend dem Prinzip \u00abDatenschutz durch Technik\u00bb und \u00abDatenschutz durch datenschutzfreundliche Voreinstellungen\u00bb.<\/p>\n<p>Ungeachtet davon weisen wir Sie darauf hin, dass die Daten\u00fcbertragung im Internet (z.B. bei der Kommunikation per E-Mail) Sicherheitsl\u00fccken aufweisen kann. Ein l\u00fcckenloser Schutz vor dem Zugriff durch Dritte ist nicht m\u00f6glich.<\/p>\n<p>Wir verwenden innerhalb des Webseitenbesuchs das verbreitete SSL\/TLS-Verfahren in Verbindung mit der jeweils h\u00f6chsten Verschl\u00fcsselungsstufe, die von Ihrem Browser unterst\u00fctzt wird. Ob eine einzelne Seite unseres Webauftritts verschl\u00fcsselt \u00fcbertragen wird, erkennen Sie an der geschlossenen Darstellung des Schl\u00fcssel- bzw. Schloss-Symbols in der Adressleiste Ihres Browsers.<\/p>\n<ol>\n<li><strong>\u00c4nderungen<\/strong><\/li>\n<\/ol>\n<p>Die LR Consulting GmbH kann diese DSE jederzeit ab\u00e4ndern.<\/p>\n<\/div><\/div><\/div><\/div><\/div>\n","protected":false},"excerpt":{"rendered":"","protected":false},"author":1,"featured_media":0,"parent":0,"menu_order":0,"comment_status":"closed","ping_status":"closed","template":"","meta":{"footnotes":""},"class_list":["post-770","page","type-page","status-publish","hentry"],"_links":{"self":[{"href":"https:\/\/lr-consulting.ch\/index.php?rest_route=\/wp\/v2\/pages\/770","targetHints":{"allow":["GET"]}}],"collection":[{"href":"https:\/\/lr-consulting.ch\/index.php?rest_route=\/wp\/v2\/pages"}],"about":[{"href":"https:\/\/lr-consulting.ch\/index.php?rest_route=\/wp\/v2\/types\/page"}],"author":[{"embeddable":true,"href":"https:\/\/lr-consulting.ch\/index.php?rest_route=\/wp\/v2\/users\/1"}],"replies":[{"embeddable":true,"href":"https:\/\/lr-consulting.ch\/index.php?rest_route=%2Fwp%2Fv2%2Fcomments&post=770"}],"version-history":[{"count":1,"href":"https:\/\/lr-consulting.ch\/index.php?rest_route=\/wp\/v2\/pages\/770\/revisions"}],"predecessor-version":[{"id":771,"href":"https:\/\/lr-consulting.ch\/index.php?rest_route=\/wp\/v2\/pages\/770\/revisions\/771"}],"wp:attachment":[{"href":"https:\/\/lr-consulting.ch\/index.php?rest_route=%2Fwp%2Fv2%2Fmedia&parent=770"}],"curies":[{"name":"wp","href":"https:\/\/api.w.org\/{rel}","templated":true}]}}