{"id":778,"date":"2024-11-25T16:55:44","date_gmt":"2024-11-25T16:55:44","guid":{"rendered":"https:\/\/lr-consulting.ch\/?page_id=778"},"modified":"2024-12-03T10:59:41","modified_gmt":"2024-12-03T10:59:41","slug":"impressum","status":"publish","type":"page","link":"https:\/\/lr-consulting.ch\/?page_id=778","title":{"rendered":"Impressum"},"content":{"rendered":"<div class=\"fusion-fullwidth fullwidth-box fusion-builder-row-1 fusion-flex-container has-pattern-background has-mask-background nonhundred-percent-fullwidth non-hundred-percent-height-scrolling\" style=\"--awb-border-radius-top-left:0px;--awb-border-radius-top-right:0px;--awb-border-radius-bottom-right:0px;--awb-border-radius-bottom-left:0px;--awb-flex-wrap:wrap;\" ><div class=\"fusion-builder-row fusion-row fusion-flex-align-items-flex-start fusion-flex-content-wrap\" style=\"max-width:1216.8px;margin-left: calc(-4% \/ 2 );margin-right: calc(-4% \/ 2 );\"><div class=\"fusion-layout-column fusion_builder_column fusion-builder-column-0 fusion_builder_column_1_1 1_1 fusion-flex-column\" style=\"--awb-bg-size:cover;--awb-width-large:100%;--awb-margin-top-large:0px;--awb-spacing-right-large:1.92%;--awb-margin-bottom-large:20px;--awb-spacing-left-large:1.92%;--awb-width-medium:100%;--awb-order-medium:0;--awb-spacing-right-medium:1.92%;--awb-spacing-left-medium:1.92%;--awb-width-small:100%;--awb-order-small:0;--awb-spacing-right-small:1.92%;--awb-spacing-left-small:1.92%;\"><div class=\"fusion-column-wrapper fusion-column-has-shadow fusion-flex-justify-content-flex-start fusion-content-layout-column\"><div class=\"fusion-text fusion-text-1\"><p><strong>LR Consulting GmbH<\/strong><\/p>\n<p><strong>Anschrift<\/strong><br \/>\nGr\u00fcndenstrasse 80<br \/>\n8247 Flurlingen<\/p>\n<p><strong>Gegr\u00fcndet<\/strong> \u2013 07.2018<\/p>\n<p><strong>Telefon<\/strong> \u2013 +41 79 403 76 59<br \/>\n<strong>E-mail<\/strong> \u2013\u00a0<a href=\"mailto:info@lrconsulting.ch\">info@lrconsulting.ch<\/a><\/p>\n<p><strong>Verantwortlicher &amp; Betriebsbewilligung<\/strong> \u2013 Roberto Larosa<br \/>\n<strong>Filialleitung\u00a0<\/strong>\u2013 Roberto Larosa<\/p>\n<p><strong>Haftungshinweis<\/strong><strong><br \/>\n<\/strong>Trotz sorgf\u00e4ltiger inhaltlicher Kontrolle \u00fcbernehmen wir keine Haftung f\u00fcr die Inhalte externer Links.<br \/>\nF\u00fcr den Inhalt der verlinkten Seiten sind ausschlie\u00dflich deren Betreiber verantwortlich.<\/p>\n<p><strong>Gerichtsstand<\/strong><br \/>\nZ\u00fcrich<\/p>\n<p><strong>MwSt Nr.<\/strong><br \/>\nCHE-448.753.548 MWST<\/p>\n<\/div><\/div><\/div><\/div><\/div>\n","protected":false},"excerpt":{"rendered":"","protected":false},"author":1,"featured_media":0,"parent":0,"menu_order":0,"comment_status":"closed","ping_status":"closed","template":"","meta":{"footnotes":""},"class_list":["post-778","page","type-page","status-publish","hentry"],"_links":{"self":[{"href":"https:\/\/lr-consulting.ch\/index.php?rest_route=\/wp\/v2\/pages\/778","targetHints":{"allow":["GET"]}}],"collection":[{"href":"https:\/\/lr-consulting.ch\/index.php?rest_route=\/wp\/v2\/pages"}],"about":[{"href":"https:\/\/lr-consulting.ch\/index.php?rest_route=\/wp\/v2\/types\/page"}],"author":[{"embeddable":true,"href":"https:\/\/lr-consulting.ch\/index.php?rest_route=\/wp\/v2\/users\/1"}],"replies":[{"embeddable":true,"href":"https:\/\/lr-consulting.ch\/index.php?rest_route=%2Fwp%2Fv2%2Fcomments&post=778"}],"version-history":[{"count":2,"href":"https:\/\/lr-consulting.ch\/index.php?rest_route=\/wp\/v2\/pages\/778\/revisions"}],"predecessor-version":[{"id":1077,"href":"https:\/\/lr-consulting.ch\/index.php?rest_route=\/wp\/v2\/pages\/778\/revisions\/1077"}],"wp:attachment":[{"href":"https:\/\/lr-consulting.ch\/index.php?rest_route=%2Fwp%2Fv2%2Fmedia&parent=778"}],"curies":[{"name":"wp","href":"https:\/\/api.w.org\/{rel}","templated":true}]}}