{"id":996,"date":"2024-11-25T16:46:13","date_gmt":"2024-11-25T16:46:13","guid":{"rendered":"https:\/\/lr-consulting.ch\/?page_id=996"},"modified":"2024-11-25T18:56:19","modified_gmt":"2024-11-25T18:56:19","slug":"protezione-dei-dati","status":"publish","type":"page","link":"https:\/\/lr-consulting.ch\/?page_id=996&lang=it","title":{"rendered":"Protezione dei dati"},"content":{"rendered":"<div class=\"fusion-fullwidth fullwidth-box fusion-builder-row-1 fusion-flex-container has-pattern-background has-mask-background nonhundred-percent-fullwidth non-hundred-percent-height-scrolling\" style=\"--awb-border-radius-top-left:0px;--awb-border-radius-top-right:0px;--awb-border-radius-bottom-right:0px;--awb-border-radius-bottom-left:0px;--awb-flex-wrap:wrap;\" ><div class=\"fusion-builder-row fusion-row fusion-flex-align-items-flex-start fusion-flex-content-wrap\" style=\"max-width:1216.8px;margin-left: calc(-4% \/ 2 );margin-right: calc(-4% \/ 2 );\"><div class=\"fusion-layout-column fusion_builder_column fusion-builder-column-0 fusion_builder_column_1_1 1_1 fusion-flex-column\" style=\"--awb-bg-size:cover;--awb-width-large:100%;--awb-margin-top-large:0px;--awb-spacing-right-large:1.92%;--awb-margin-bottom-large:20px;--awb-spacing-left-large:1.92%;--awb-width-medium:100%;--awb-order-medium:0;--awb-spacing-right-medium:1.92%;--awb-spacing-left-medium:1.92%;--awb-width-small:100%;--awb-order-small:0;--awb-spacing-right-small:1.92%;--awb-spacing-left-small:1.92%;\"><div class=\"fusion-column-wrapper fusion-column-has-shadow fusion-flex-justify-content-flex-start fusion-content-layout-column\"><div class=\"fusion-text fusion-text-1\"><p><strong>Informativa sulla privacy di LR Consulting GmbH<\/strong><\/p>\n<p>Versione dal 25 novembre 2024<\/p>\n<ol>\n<li><strong>Applicabilit\u00e0 delle leggi svizzere sulla protezione dei dati e del Regolamento generale sulla protezione dei dati &#8222;GDPR&#8220;.<\/strong><\/li>\n<\/ol>\n<p>La presente Informativa sulla privacy \u00e8 stata concepita per soddisfare i requisiti del Regolamento generale sulla protezione dei dati UE 2016\/679 (<strong>&#8222;GDPR<\/strong>&#8222;), della Legge svizzera sulla protezione dei dati (<strong>&#8222;LPD<\/strong>&#8222;) e della Legge svizzera sulla protezione dei dati rivista (<strong>&#8222;revDSG<\/strong>&#8222;). Tuttavia, se e in quale misura queste leggi siano applicabili dipende dal singolo caso.<\/p>\n<ol>\n<li><strong>Destinatario dei dati personali<\/strong><\/li>\n<\/ol>\n<p>Nell&#8217;ambito delle nostre attivit\u00e0 commerciali e per gli scopi indicati nella sezione 5, divulghiamo i dati anche a terzi nella misura consentita e ritenuta opportuna, sia perch\u00e9 li elaborano per noi sia perch\u00e9 desiderano utilizzarli per i propri scopi. Questo vale in particolare per i seguenti enti: <\/p>\n<ul>\n<li>Societ\u00e0 del gruppo,<\/li>\n<li>Societ\u00e0 di servizi, ad esempio banche e societ\u00e0 di gestione patrimoniale,<\/li>\n<li>Autorit\u00e0, istituzioni statali come istituti di assicurazione sociale, uffici di disoccupazione, fondi di disoccupazione e di compensazione, SUVA e tribunali;<\/li>\n<li>societ\u00e0 di elaborazione delle buste paga, fondi pensione e compagnie assicurative (indennit\u00e0 di malattia giornaliera, assicurazione contro gli infortuni);<\/li>\n<li>consulenti professionali, ad esempio consulenti fiscali, avvocati, revisori dei conti, rappresentanti autorizzati e agenti;<\/li>\n<li>Fornitori di servizi, fornitori e persone ausiliarie, compresi gli incaricati dell&#8217;elaborazione degli ordini, con i quali abbiamo stipulato un contratto per l&#8217;elaborazione degli ordini (ad esempio, fornitori di hosting, fornitori di servizi IT, servizi cloud, ecc.)<\/li>\n<\/ul>\n<p>Ci riserviamo inoltre il diritto di trasferire i dati in caso di vendita o trasferimento di tutta o parte della nostra attivit\u00e0 o dei nostri beni (anche in caso di riorganizzazione, scioglimento o liquidazione).<\/p>\n<ol>\n<li><strong>Cookie \/ tracking e altre tecnologie in relazione all&#8217;utilizzo del nostro sito web<\/strong><\/li>\n<\/ol>\n<p><strong>7.1 Cookie e pixel di tracciamento<\/strong><\/p>\n<p>In genere sui nostri siti web utilizziamo &#8222;cookie&#8220; e tecnologie simili per identificare il tuo browser o il tuo dispositivo. Un cookie \u00e8 un piccolo file che viene inviato al tuo computer o memorizzato automaticamente sul tuo computer o dispositivo mobile dal browser web che utilizzi quando visiti i nostri siti web. Questo ci permette di riconoscerti quando visiti nuovamente questo sito web, anche se non sappiamo chi sei. Oltre ai cookie che vengono utilizzati solo durante una sessione e vengono eliminati dopo la visita al sito web (&#8222;cookie di sessione&#8220;), i cookie possono essere utilizzati anche per memorizzare le impostazioni dell&#8217;utente e altre informazioni per un certo periodo di tempo (ad esempio due anni) (&#8222;cookie permanenti&#8220;). I pixel di tracciamento (noti anche come web beacon) sono elementi grafici invisibili che vengono integrati in un sito web al fine di analizzare informazioni quali i click su questo sito o il traffico su questo sito. Puoi impostare il tuo browser in modo che rifiuti i cookie, li salvi per una sola sessione o li cancelli prematuramente. La maggior parte dei browser \u00e8 preimpostata per accettare i cookie. Utilizziamo i cookie permanenti per rendere il sito web di LR Consulting GmbH pi\u00f9 facile da usare, efficace e sicuro. I cookie vengono utilizzati anche per scopi pubblicitari con il remarketing. Se blocchi i cookie, alcune funzionalit\u00e0 potrebbero non funzionare pi\u00f9. Per saperne di pi\u00f9 su come controllare le impostazioni dei cookie tramite il tuo browser, scopri le informazioni su &#8222;Navigazione privata&#8220;, &#8222;Incognito&#8220; o &#8222;InPrivato&#8220; nelle impostazioni del browser che stai utilizzando in Firefox, Chrome, Microsoft Edge o Safari. Utilizzando il nostro sito web e accettando di ricevere newsletter e altre e-mail di marketing, acconsenti all&#8217;uso di queste tecnologie. Se non lo desideri, devi impostare il tuo browser o il tuo programma di posta elettronica di conseguenza.<\/p>\n<p><strong>7.2 Google Analytics<\/strong><\/p>\n<p>Questo sito web utilizza Google Analytics, un servizio di analisi web di Google (Google Inc., 1600 Amphitheatre Parkway, Mountain View, CA 94043, USA), che funziona con i cookie. I cookie sono file di testo che vengono memorizzati sul computer del visitatore e consentono di analizzare l&#8217;utilizzo del sito web. Le informazioni generate dal cookie sull&#8217;utilizzo di questo sito web vengono solitamente trasmesse a un server di Google negli Stati Uniti e l\u00ec memorizzate. Google pu\u00f2 trasmettere queste informazioni a terzi, qualora sia obbligato a farlo per legge o qualora terzi siano incaricati da Google di elaborare questi dati. Tuttavia, Google non unisce gli indirizzi IP ad altri dati memorizzati dall&#8217;utente. Sul sito web di LR Consulting GmbH \u00e8 attiva l&#8217;anonimizzazione dell&#8217;IP, il che significa che l&#8217;indirizzo IP dei visitatori viene abbreviato da Google prima di essere trasmesso agli Stati Uniti. Solo in casi eccezionali l&#8217;indirizzo IP completo viene trasmesso a un server di Google negli Stati Uniti e l\u00ec troncato. Per conto di LR Consulting GmbH, Google utilizzer\u00e0 queste informazioni per analizzare l&#8217;utilizzo del sito web, per compilare report sulle attivit\u00e0 del sito web e per fornire a LR Consulting GmbH altri servizi relativi all&#8217;utilizzo del sito web e di Internet. L&#8217;indirizzo IP trasmesso dal browser del visitatore nell&#8217;ambito di Google Analytics non viene unito ad altri dati di Google. I visitatori possono impedire la memorizzazione dei cookie impostando il software del loro browser in modo appropriato; ci\u00f2 potrebbe compromettere la funzionalit\u00e0 del sito web in alcune circostanze. L&#8217;eliminazione dei cookie persistenti dopo una visita al sito web non comporta alcuna compromissione. I visitatori possono impedire a Google di raccogliere i dati generati dal cookie e relativi al loro utilizzo del sito web (incluso il loro indirizzo IP) e di elaborare questi dati da parte di Google scaricando e installando il plug-in del browser disponibile al seguente link: <a href=\"http:\/\/tools.google.com\/dlpage\/gaoptout?hl=de\">http:\/\/tools.google.com\/dlpage\/gaoptout?hl=de.<\/a> Ulteriori informazioni sull&#8217;informativa sulla privacy di Google sono disponibili all&#8217;indirizzo    <\/p>\n<p><a href=\"https:\/\/www.google.com\/policies\/privacy\/\">https:\/\/www.google.com\/policies\/privacy\/<\/a><\/p>\n<ol>\n<li><strong>Informazioni sul modulo di contatto<\/strong><\/li>\n<\/ol>\n<p>Se ci invii richieste di informazioni tramite il modulo di contatto, i tuoi dati dal modulo di richiesta, compresi i dati di contatto che ci fornisci, saranno memorizzati da noi allo scopo di elaborare la richiesta e in caso di domande successive. Non verranno analizzati in nessun altro modo n\u00e9 collegati ad altri dati. <\/p>\n<ol>\n<li><strong>Altri servizi di terze parti<\/strong><\/li>\n<\/ol>\n<p>Il sito web di LR Consulting GmbH \u00e8 basato su WordPress. I dati vengono memorizzati su un server in Svizzera e non vengono trasmessi all&#8217;estero. <\/p>\n<ol>\n<li><strong>Diritti dell&#8217;interessato<\/strong><\/li>\n<\/ol>\n<p>Hai il <u>diritto di informazione<\/u>, <u>rettifica<\/u>, <u>cancellazione<\/u> e il <u>diritto di limitare il trattamento dei dati<\/u> nell&#8217;ambito della legge sulla protezione dei dati a te applicabile e nella misura prevista dalla stessa (come nel caso del GDPR). Inoltre, hai il <u>diritto di opporti al nostro trattamento dei dati, in particolare ai fini del marketing diretto, della profilazione per la pubblicit\u00e0 diretta e di altri interessi legittimi nel trattamento<\/u>. Hai anche il <u>diritto di ottenere la divulgazione di<\/u> alcuni dati personali al fine di trasferirli a un&#8217;altra organizzazione (la cosiddetta portabilit\u00e0 dei dati). Ti ricordiamo, tuttavia, che ci riserviamo il diritto di applicare le restrizioni previste dalla legge, ad esempio nel caso in cui fossimo obbligati a conservare o trattare determinati dati, avessimo un interesse prevalente a farlo (nella misura in cui siamo autorizzati a farlo) o ne avessimo bisogno per far valere dei diritti. In caso di costi, ti informeremo in anticipo. L&#8217;esercizio di tali diritti richiede generalmente che tu dimostri chiaramente la tua identit\u00e0 (ad esempio tramite una copia del tuo documento d&#8217;identit\u00e0, qualora la tua identit\u00e0 non sia chiara o non possa essere verificata). Per far valere i tuoi diritti, puoi contattarci all&#8217;indirizzo indicato al punto 2. Ogni interessato ha inoltre il diritto di far valere i propri diritti in tribunale o di presentare un reclamo all&#8217;autorit\u00e0 competente per la protezione dei dati. L&#8217;autorit\u00e0 competente per la protezione dei dati in Svizzera \u00e8 l&#8217;Incaricato federale della protezione dei dati e delle informazioni<a href=\"https:\/\/www.edoeb.admin.ch\/edoeb\/de\/home.html\">(https:\/\/www.edoeb.admin.ch\/edoeb\/de\/home.html)<\/a>.  <\/p>\n<ol>\n<li><strong>Periodo di conservazione e cancellazione dei dati personali<\/strong><\/li>\n<\/ol>\n<p>LR Consulting GmbH elabora i dati personali solo per il tempo necessario allo scopo per cui sono stati raccolti. I dati personali vengono quindi distrutti o resi anonimi non appena ci\u00f2 non avviene o non esiste un periodo di conservazione legale o contrattuale o un periodo di conservazione derivante da un interesse legittimo che impedisca la distruzione o l&#8217;anonimizzazione dei dati. I dati relativi al contratto di lavoro utilizzati per creare referenze lavorative vengono conservati per dieci anni dalla data in cui il dipendente lascia l&#8217;azienda (Art. 127 CO). Ulteriori periodi di conservazione possono derivare dal legittimo interesse del datore di lavoro o del prestatore\/intermediario, ad esempio se i documenti devono essere consegnati all&#8217;autorit\u00e0 di controllo durante una verifica delle buste paga per dimostrare la conformit\u00e0 alle disposizioni del contratto collettivo di lavoro applicabile. Inoltre, i dati personali possono essere conservati fino alla conclusione di eventuali controversie legali in cui i dati sono richiesti come prova. <\/p>\n<ol>\n<li><strong>Sicurezza dei dati<\/strong><\/li>\n<\/ol>\n<p>LR Consulting GmbH applica misure di sicurezza tecniche e organizzative adeguate, come l&#8217;emissione di istruzioni, la formazione, le soluzioni di sicurezza informatica e di rete, i controlli e le restrizioni di accesso, la crittografia dei supporti e delle trasmissioni di dati e i controlli per proteggere i tuoi dati da accessi non autorizzati, manipolazioni accidentali o intenzionali, perdita parziale o completa, distruzione o accesso non autorizzato da parte di terzi. Le nostre misure di sicurezza vengono continuamente migliorate in linea con gli sviluppi tecnologici. Inoltre, teniamo gi\u00e0 in considerazione la protezione dei dati personali durante lo sviluppo e la selezione di hardware, software e processi in conformit\u00e0 con il principio della &#8222;protezione dei dati attraverso la tecnologia&#8220; e della &#8222;protezione dei dati attraverso impostazioni predefinite favorevoli alla protezione dei dati&#8220;. A prescindere da ci\u00f2, desideriamo sottolineare che la trasmissione dei dati su Internet (ad esempio quando si comunica via e-mail) pu\u00f2 presentare delle lacune in termini di sicurezza. Una protezione completa contro l&#8217;accesso da parte di terzi non \u00e8 possibile. Quando visiti il nostro sito web, utilizziamo il diffuso metodo SSL\/TLS insieme al pi\u00f9 alto livello di crittografia supportato dal tuo browser. Puoi riconoscere se una singola pagina del nostro sito web \u00e8 trasmessa in forma criptata dalla visualizzazione chiusa del simbolo della chiave o del lucchetto nella barra degli indirizzi del tuo browser.  <\/p>\n<ol>\n<li><strong>Cambiamenti<\/strong><\/li>\n<\/ol>\n<p>LR Consulting GmbH pu\u00f2 modificare il presente DSE in qualsiasi momento.<\/p>\n<\/div><\/div><\/div><\/div><\/div>\n","protected":false},"excerpt":{"rendered":"","protected":false},"author":1,"featured_media":0,"parent":0,"menu_order":0,"comment_status":"closed","ping_status":"closed","template":"","meta":{"footnotes":""},"class_list":["post-996","page","type-page","status-publish","hentry"],"_links":{"self":[{"href":"https:\/\/lr-consulting.ch\/index.php?rest_route=\/wp\/v2\/pages\/996","targetHints":{"allow":["GET"]}}],"collection":[{"href":"https:\/\/lr-consulting.ch\/index.php?rest_route=\/wp\/v2\/pages"}],"about":[{"href":"https:\/\/lr-consulting.ch\/index.php?rest_route=\/wp\/v2\/types\/page"}],"author":[{"embeddable":true,"href":"https:\/\/lr-consulting.ch\/index.php?rest_route=\/wp\/v2\/users\/1"}],"replies":[{"embeddable":true,"href":"https:\/\/lr-consulting.ch\/index.php?rest_route=%2Fwp%2Fv2%2Fcomments&post=996"}],"version-history":[{"count":1,"href":"https:\/\/lr-consulting.ch\/index.php?rest_route=\/wp\/v2\/pages\/996\/revisions"}],"predecessor-version":[{"id":1001,"href":"https:\/\/lr-consulting.ch\/index.php?rest_route=\/wp\/v2\/pages\/996\/revisions\/1001"}],"wp:attachment":[{"href":"https:\/\/lr-consulting.ch\/index.php?rest_route=%2Fwp%2Fv2%2Fmedia&parent=996"}],"curies":[{"name":"wp","href":"https:\/\/api.w.org\/{rel}","templated":true}]}}